{"id":18,"date":"2023-06-28T20:09:07","date_gmt":"2023-06-28T20:09:07","guid":{"rendered":"https:\/\/elmar-w.pl\/?page_id=18"},"modified":"2023-07-09T08:52:38","modified_gmt":"2023-07-09T08:52:38","slug":"o-nas","status":"publish","type":"page","link":"https:\/\/elmar-w.pl\/index.php\/o-nas\/","title":{"rendered":"O nas"},"content":{"rendered":"\n<div class=\"wp-block-group alignfull has-base-color has-contrast-background-color has-text-color has-background has-global-padding is-layout-constrained wp-block-group-is-layout-constrained\" style=\"margin-top:0;padding-top:var(--wp--preset--spacing--x-large);padding-right:30px;padding-bottom:var(--wp--preset--spacing--x-large);padding-left:30px\">\n<div class=\"wp-block-columns alignwide are-vertically-aligned-center is-style-columns-reverse is-layout-flex wp-container-2 wp-block-columns-is-layout-flex\">\n<div class=\"wp-block-column is-vertically-aligned-center is-layout-flow wp-block-column-is-layout-flow\">\n<h2 class=\"wp-block-heading has-text-align-center has-max-60-font-size\" id=\"text-on-left-image-on-right\" style=\"letter-spacing:-1px\">Przedsi\u0119biorstwo Budowlano-Instalacyjne Elmar-W<\/h2>\n\n\n\n<h2 class=\"wp-block-heading has-text-align-center has-max-60-font-size\" id=\"text-on-left-image-on-right\" style=\"letter-spacing:-1px\">Do\u015bwiadczenie, jako\u015b\u0107 i profesjonalizm.<\/h2>\n<\/div>\n<\/div>\n<\/div>\n\n\n\n<div class=\"wp-block-group alignfull has-global-padding is-layout-constrained wp-container-12 wp-block-group-is-layout-constrained\" id=\"features\" style=\"margin-top:0;padding-top:var(--wp--preset--spacing--x-large);padding-right:30px;padding-bottom:var(--wp--preset--spacing--x-large);padding-left:30px\">\n<div class=\"wp-block-columns are-vertically-aligned-center is-layout-flex wp-container-6 wp-block-columns-is-layout-flex\" style=\"margin-bottom:var(--wp--preset--spacing--large)\">\n<div class=\"wp-block-column is-vertically-aligned-center is-layout-flow wp-block-column-is-layout-flow\">\n<figure class=\"wp-block-image size-full\"><img decoding=\"async\" loading=\"lazy\" width=\"1000\" height=\"667\" src=\"https:\/\/elmar-w.pl\/wp-content\/uploads\/2023\/06\/5f4bdc18dafda.jpg\" alt=\"\" class=\"wp-image-50\" srcset=\"https:\/\/elmar-w.pl\/wp-content\/uploads\/2023\/06\/5f4bdc18dafda.jpg 1000w, https:\/\/elmar-w.pl\/wp-content\/uploads\/2023\/06\/5f4bdc18dafda-300x200.jpg 300w, https:\/\/elmar-w.pl\/wp-content\/uploads\/2023\/06\/5f4bdc18dafda-768x512.jpg 768w\" sizes=\"(max-width: 1000px) 100vw, 1000px\" \/><\/figure>\n<\/div>\n\n\n\n<div class=\"wp-block-column is-vertically-aligned-center is-layout-flow wp-block-column-is-layout-flow\">\n<h2 class=\"wp-block-heading has-x-large-font-size\">Firma dzia\u0142a od 2010 roku<\/h2>\n\n\n\n<p>Przedsi\u0119biorstwo Budowlano-Instalacyjne Elmar-W powsta\u0142o w 2010 roku z inicjatywy Wioletty Kopacz i W\u0142adys\u0142awa Szpiecha. Nasza firma specjalizuje si\u0119 w kosztorysowaniu i wykonawstwie instalacji wodno-kanalizacyjnych oraz centralnego ogrzewania. Dzi\u0119ki naszemu du\u017cemu do\u015bwiadczeniu i umiej\u0119tno\u015bciom, skutecznie realizujemy zadania budowlane zwi\u0105zane z wewn\u0119trznymi instalacjami sanitarnymi.<\/p>\n<\/div>\n<\/div>\n\n\n\n<div class=\"wp-block-columns is-style-columns-reverse is-layout-flex wp-container-9 wp-block-columns-is-layout-flex\" style=\"margin-bottom:var(--wp--preset--spacing--large)\">\n<div class=\"wp-block-column is-vertically-aligned-center is-layout-flow wp-block-column-is-layout-flow\">\n<h2 class=\"wp-block-heading has-x-large-font-size\">Jeden temat. Niesko\u0144czona ilo\u015b\u0107 projekt\u00f3w.<\/h2>\n\n\n\n<p>Nasze dotychczasowe projekty zosta\u0142y zrealizowane na najwy\u017cszym poziomie dzi\u0119ki naszej solidnej i ci\u0119\u017ckiej pracy. Zawsze priorytetem dla nas jest dba\u0142o\u015b\u0107 o szczeg\u00f3\u0142y, profesjonalizm, terminowo\u015b\u0107 oraz satysfakcja naszych kontrahent\u00f3w. D\u0105\u017cymy do d\u0142ugofalowej wsp\u00f3\u0142pracy opartej na wzajemnym zadowoleniu i zaufaniu.<\/p>\n<\/div>\n\n\n\n<div class=\"wp-block-column is-layout-flow wp-block-column-is-layout-flow\">\n<figure class=\"wp-block-image size-full\"><img decoding=\"async\" loading=\"lazy\" width=\"768\" height=\"512\" src=\"https:\/\/elmar-w.pl\/wp-content\/uploads\/2023\/06\/boiler-room.jpg\" alt=\"\" class=\"wp-image-51\" srcset=\"https:\/\/elmar-w.pl\/wp-content\/uploads\/2023\/06\/boiler-room.jpg 768w, https:\/\/elmar-w.pl\/wp-content\/uploads\/2023\/06\/boiler-room-300x200.jpg 300w\" sizes=\"(max-width: 768px) 100vw, 768px\" \/><\/figure>\n<\/div>\n<\/div>\n\n\n\n<div class=\"wp-block-columns is-style-default is-layout-flex wp-container-11 wp-block-columns-is-layout-flex\" style=\"padding-top:0;padding-right:0;padding-bottom:0;padding-left:0\">\n<div class=\"wp-block-column is-vertically-aligned-center is-layout-flow wp-block-column-is-layout-flow\">\n<h2 class=\"wp-block-heading has-x-large-font-size\">Zaufaj nam, a osi\u0105gniesz sukces budowlany&nbsp;<\/h2>\n\n\n\n<p>Jeste\u015bmy zespo\u0142em, kt\u00f3ry z pasj\u0105 i zaanga\u017cowaniem realizuje swoje projekty. Dbanie o szczeg\u00f3\u0142y jest dla nas nieod\u0142\u0105czn\u0105 cz\u0119\u015bci\u0105 naszej pracy, poniewa\u017c wiemy, \u017ce to w\u0142a\u015bnie detale sprawiaj\u0105, \u017ce projekt staje si\u0119 doskona\u0142y.<\/p>\n\n\n\n<p>Nasze umiej\u0119tno\u015bci i do\u015bwiadczenie pozwoli\u0142y nam zdoby\u0107 zaufanie wielu renomowanych klient\u00f3w. D\u0142ugofalowe relacje, jakie budujemy z naszymi kontrahentami, s\u0105 dla nas niezwykle istotne. Wsp\u00f3\u0142pracuj\u0105c z nami, mo\u017cesz mie\u0107 pewno\u015b\u0107, \u017ce terminy b\u0119d\u0105 dotrzymane, a jako\u015b\u0107 naszych us\u0142ug b\u0119dzie na najwy\u017cszym poziomie.<\/p>\n\n\n\n<p>Przyk\u0142adamy du\u017c\u0105 wag\u0119 do profesjonalizmu, zar\u00f3wno w kontaktach z klientami, jak i w samym wykonaniu naszych zada\u0144. Nasz zesp\u00f3\u0142 sk\u0142ada si\u0119 z wysoko wykwalifikowanych specjalist\u00f3w, kt\u00f3rzy doskonale znaj\u0105 si\u0119 na swojej pracy. Dzi\u0119ki temu mo\u017cemy zagwarantowa\u0107 wysok\u0105 jako\u015b\u0107 i precyzj\u0119 wykonania.<\/p>\n\n\n\n<p>Zadowolenie klienta jest naszym najwa\u017cniejszym celem. Dlatego te\u017c stale doskonalimy nasze umiej\u0119tno\u015bci, \u015bledzimy najnowsze trendy i innowacje w bran\u017cy, aby dostarcza\u0107 Ci rozwi\u0105zania, kt\u00f3re spe\u0142niaj\u0105 Twoje oczekiwania.<\/p>\n\n\n\n<p>Je\u015bli szukasz solidnego partnera budowlano-instalacyjnego, kt\u00f3ry zapewni Ci profesjonalizm, terminowo\u015b\u0107 i zadowolenie klienta, niezale\u017cnie od skali projektu, to jeste\u015bmy tutaj, aby Ci pom\u00f3c. Skontaktuj si\u0119 z nami ju\u017c teraz i przekonaj si\u0119, dlaczego jeste\u015bmy najlepszym wyborem dla Twojego sukcesu budowlanego.<\/p>\n<\/div>\n<\/div>\n<\/div>\n\n\n\n<div class=\"wp-block-group alignwide is-layout-flow wp-block-group-is-layout-flow\">\n<div class=\"wp-block-columns alignwide are-vertically-aligned-center is-style-columns-reverse is-layout-flex wp-container-17 wp-block-columns-is-layout-flex\">\n<div class=\"wp-block-column is-vertically-aligned-center is-layout-flow wp-block-column-is-layout-flow\">\n<h2 class=\"wp-block-heading has-x-large-font-size\" id=\"sample-heading\">Referencje<\/h2>\n\n\n\n<p>Nasi partnerzy to klucz do sukcesu! Wsp\u00f3\u0142pracowali\u015bmy z renomowanymi firmami Safran, Besta, MZBM Rzesz\u00f3w oraz RSM Rzesz\u00f3w realizuj\u0105c wsp\u00f3lne projekty. <\/p>\n\n\n\n<p>Ta zaufana wsp\u00f3\u0142praca pozwoli\u0142a nam zdoby\u0107 cenne do\u015bwiadczenie i umocni\u0107 nasz\u0105 pozycj\u0119 na rynku. Zaufaj nam i do\u0142\u0105cz do grona naszych zadowolonych klient\u00f3w!.<\/p>\n<\/div>\n\n\n\n<div class=\"wp-block-column is-vertically-aligned-center is-layout-flow wp-block-column-is-layout-flow\">\n<figure class=\"wp-block-gallery has-nested-images columns-0 is-cropped wp-block-gallery-14 is-layout-flex wp-block-gallery-is-layout-flex\">\n<figure class=\"wp-block-image size-full\"><img decoding=\"async\" loading=\"lazy\" width=\"206\" height=\"218\" src=\"https:\/\/elmar-w.pl\/wp-content\/uploads\/2023\/06\/mzbm-1.png\" alt=\"\" class=\"wp-image-49\"\/><\/figure>\n\n\n\n<figure class=\"wp-block-image size-full\"><img decoding=\"async\" loading=\"lazy\" width=\"640\" height=\"736\" src=\"https:\/\/elmar-w.pl\/wp-content\/uploads\/2023\/06\/logo-rsm.png\" alt=\"\" class=\"wp-image-43\" srcset=\"https:\/\/elmar-w.pl\/wp-content\/uploads\/2023\/06\/logo-rsm.png 640w, https:\/\/elmar-w.pl\/wp-content\/uploads\/2023\/06\/logo-rsm-261x300.png 261w\" sizes=\"(max-width: 640px) 100vw, 640px\" \/><\/figure>\n\n\n\n<figure class=\"wp-block-image size-full\"><img decoding=\"async\" loading=\"lazy\" width=\"180\" height=\"180\" src=\"https:\/\/elmar-w.pl\/wp-content\/uploads\/2023\/06\/th.jpeg\" alt=\"\" class=\"wp-image-47\" srcset=\"https:\/\/elmar-w.pl\/wp-content\/uploads\/2023\/06\/th.jpeg 180w, https:\/\/elmar-w.pl\/wp-content\/uploads\/2023\/06\/th-150x150.jpeg 150w\" sizes=\"(max-width: 180px) 100vw, 180px\" \/><\/figure>\n\n\n\n<figure class=\"wp-block-image size-full\"><img decoding=\"async\" loading=\"lazy\" width=\"320\" height=\"320\" src=\"https:\/\/elmar-w.pl\/wp-content\/uploads\/2023\/06\/302521955_469603981882319_804086462095062211_n.jpg\" alt=\"\" class=\"wp-image-48\" srcset=\"https:\/\/elmar-w.pl\/wp-content\/uploads\/2023\/06\/302521955_469603981882319_804086462095062211_n.jpg 320w, https:\/\/elmar-w.pl\/wp-content\/uploads\/2023\/06\/302521955_469603981882319_804086462095062211_n-300x300.jpg 300w, https:\/\/elmar-w.pl\/wp-content\/uploads\/2023\/06\/302521955_469603981882319_804086462095062211_n-150x150.jpg 150w\" sizes=\"(max-width: 320px) 100vw, 320px\" \/><\/figure>\n<\/figure>\n<\/div>\n<\/div>\n<\/div>\n\n\n\n<div class=\"wp-block-group alignwide is-layout-flow wp-block-group-is-layout-flow\">\n<h1 class=\"wp-block-heading has-text-align-center\">Dlaczego my ?<\/h1>\n\n\n\n<p class=\"has-text-align-center\">Jeste\u015bmy zespo\u0142em wysoko wykwalifikowanych profesjonalist\u00f3w, kt\u00f3rzy z pasj\u0105 podchodz\u0105 do swojej pracy. Firma Elmar-W wyr\u00f3\u017cnia nas to, \u017ce jeste\u015bmy firm\u0105 rodzinn\u0105, wi\u0119c doskonale rozumiemy warto\u015b\u0107 dobrej obs\u0142ugi.<\/p>\n\n\n\n<div class=\"wp-block-columns are-vertically-aligned-center is-layout-flex wp-container-22 wp-block-columns-is-layout-flex\">\n<div class=\"wp-block-column is-vertically-aligned-center has-base-color has-contrast-background-color has-text-color has-background is-layout-flow wp-block-column-is-layout-flow\" style=\"padding-top:var(--wp--preset--spacing--small);padding-right:var(--wp--preset--spacing--small);padding-bottom:var(--wp--preset--spacing--small);padding-left:var(--wp--preset--spacing--small)\">\n<h3 class=\"wp-block-heading has-text-align-center\" id=\"sample-heading-1\">5 letni okres gwarancyjny<\/h3>\n<\/div>\n\n\n\n<div class=\"wp-block-column is-vertically-aligned-center has-base-color has-contrast-background-color has-text-color has-background is-layout-flow wp-block-column-is-layout-flow\" style=\"padding-top:var(--wp--preset--spacing--small);padding-right:var(--wp--preset--spacing--small);padding-bottom:var(--wp--preset--spacing--small);padding-left:var(--wp--preset--spacing--small)\">\n<h3 class=\"wp-block-heading has-text-align-center\" id=\"sample-heading-1\">Wykwalifikowany zesp\u00f3\u0142<\/h3>\n<\/div>\n\n\n\n<div class=\"wp-block-column is-vertically-aligned-center has-base-color has-contrast-background-color has-text-color has-background is-layout-flow wp-block-column-is-layout-flow\" style=\"padding-top:var(--wp--preset--spacing--small);padding-right:var(--wp--preset--spacing--small);padding-bottom:var(--wp--preset--spacing--small);padding-left:var(--wp--preset--spacing--small)\">\n<h3 class=\"wp-block-heading has-text-align-center\" id=\"sample-heading-1\">13 lat do\u015bwiadczenia<\/h3>\n<\/div>\n<\/div>\n\n\n\n<p><\/p>\n<\/div>\n","protected":false},"excerpt":{"rendered":"<p>Przedsi\u0119biorstwo Budowlano-Instalacyjne Elmar-W Do\u015bwiadczenie, jako\u015b\u0107 i profesjonalizm. Firma dzia\u0142a od 2010 roku Przedsi\u0119biorstwo Budowlano-Instalacyjne Elmar-W powsta\u0142o w 2010 roku z inicjatywy Wioletty Kopacz i W\u0142adys\u0142awa Szpiecha. Nasza firma specjalizuje si\u0119 w kosztorysowaniu i wykonawstwie instalacji wodno-kanalizacyjnych oraz centralnego ogrzewania. Dzi\u0119ki naszemu du\u017cemu do\u015bwiadczeniu i umiej\u0119tno\u015bciom, skutecznie realizujemy zadania budowlane zwi\u0105zane z wewn\u0119trznymi instalacjami sanitarnymi. Jeden [&hellip;]<\/p>\n","protected":false},"author":1,"featured_media":0,"parent":0,"menu_order":0,"comment_status":"closed","ping_status":"closed","template":"","meta":{"footnotes":""},"_links":{"self":[{"href":"https:\/\/elmar-w.pl\/index.php\/wp-json\/wp\/v2\/pages\/18"}],"collection":[{"href":"https:\/\/elmar-w.pl\/index.php\/wp-json\/wp\/v2\/pages"}],"about":[{"href":"https:\/\/elmar-w.pl\/index.php\/wp-json\/wp\/v2\/types\/page"}],"author":[{"embeddable":true,"href":"https:\/\/elmar-w.pl\/index.php\/wp-json\/wp\/v2\/users\/1"}],"replies":[{"embeddable":true,"href":"https:\/\/elmar-w.pl\/index.php\/wp-json\/wp\/v2\/comments?post=18"}],"version-history":[{"count":10,"href":"https:\/\/elmar-w.pl\/index.php\/wp-json\/wp\/v2\/pages\/18\/revisions"}],"predecessor-version":[{"id":166,"href":"https:\/\/elmar-w.pl\/index.php\/wp-json\/wp\/v2\/pages\/18\/revisions\/166"}],"wp:attachment":[{"href":"https:\/\/elmar-w.pl\/index.php\/wp-json\/wp\/v2\/media?parent=18"}],"curies":[{"name":"wp","href":"https:\/\/api.w.org\/{rel}","templated":true}]}}