{"id":19,"date":"2023-06-28T20:08:40","date_gmt":"2023-06-28T20:08:40","guid":{"rendered":"https:\/\/elmar-w.pl\/?page_id=19"},"modified":"2023-07-09T08:54:30","modified_gmt":"2023-07-09T08:54:30","slug":"uslugi","status":"publish","type":"page","link":"https:\/\/elmar-w.pl\/index.php\/uslugi\/","title":{"rendered":"Us\u0142ugi"},"content":{"rendered":"\n<div class=\"wp-block-group alignfull has-global-padding is-layout-constrained wp-container-15 wp-block-group-is-layout-constrained\" id=\"features\" style=\"margin-top:0;padding-top:var(--wp--preset--spacing--x-large);padding-right:30px;padding-bottom:var(--wp--preset--spacing--x-large)\">\n<div class=\"wp-block-group has-global-padding is-layout-constrained wp-container-1 wp-block-group-is-layout-constrained\" style=\"padding-bottom:var(--wp--preset--spacing--large)\">\n<h2 class=\"wp-block-heading has-text-align-center has-max-60-font-size\" id=\"text-on-left-image-on-right\" style=\"letter-spacing:-1px\">Poznaj dok\u0142adniej nasze us\u0142ugi<\/h2>\n<\/div>\n\n\n\n<div class=\"wp-block-columns is-layout-flex wp-container-4 wp-block-columns-is-layout-flex\" style=\"margin-bottom:var(--wp--preset--spacing--large)\">\n<div class=\"wp-block-column is-vertically-aligned-top is-layout-flow wp-block-column-is-layout-flow\">\n<figure class=\"wp-block-image size-full is-style-default\"><img decoding=\"async\" loading=\"lazy\" width=\"1000\" height=\"667\" src=\"https:\/\/elmar-w.pl\/wp-content\/uploads\/2023\/06\/5f4bdc18dafda-2.jpg\" alt=\"\" class=\"wp-image-103\" srcset=\"https:\/\/elmar-w.pl\/wp-content\/uploads\/2023\/06\/5f4bdc18dafda-2.jpg 1000w, https:\/\/elmar-w.pl\/wp-content\/uploads\/2023\/06\/5f4bdc18dafda-2-300x200.jpg 300w, https:\/\/elmar-w.pl\/wp-content\/uploads\/2023\/06\/5f4bdc18dafda-2-768x512.jpg 768w\" sizes=\"(max-width: 1000px) 100vw, 1000px\" \/><\/figure>\n\n\n\n<figure class=\"wp-block-image aligncenter size-full\"><img decoding=\"async\" loading=\"lazy\" width=\"960\" height=\"637\" src=\"https:\/\/elmar-w.pl\/wp-content\/uploads\/2023\/06\/9d2bd8ab92b011e99cf2125a9b8e3884-1.jpeg\" alt=\"\" class=\"wp-image-104\" srcset=\"https:\/\/elmar-w.pl\/wp-content\/uploads\/2023\/06\/9d2bd8ab92b011e99cf2125a9b8e3884-1.jpeg 960w, https:\/\/elmar-w.pl\/wp-content\/uploads\/2023\/06\/9d2bd8ab92b011e99cf2125a9b8e3884-1-300x199.jpeg 300w, https:\/\/elmar-w.pl\/wp-content\/uploads\/2023\/06\/9d2bd8ab92b011e99cf2125a9b8e3884-1-768x510.jpeg 768w\" sizes=\"(max-width: 960px) 100vw, 960px\" \/><\/figure>\n\n\n\n<figure class=\"wp-block-image aligncenter size-full\"><img decoding=\"async\" loading=\"lazy\" width=\"1000\" height=\"864\" src=\"https:\/\/elmar-w.pl\/wp-content\/uploads\/2023\/06\/5f4bdd1907555.jpg\" alt=\"\" class=\"wp-image-105\" srcset=\"https:\/\/elmar-w.pl\/wp-content\/uploads\/2023\/06\/5f4bdd1907555.jpg 1000w, https:\/\/elmar-w.pl\/wp-content\/uploads\/2023\/06\/5f4bdd1907555-300x259.jpg 300w, https:\/\/elmar-w.pl\/wp-content\/uploads\/2023\/06\/5f4bdd1907555-768x664.jpg 768w\" sizes=\"(max-width: 1000px) 100vw, 1000px\" \/><\/figure>\n<\/div>\n\n\n\n<div class=\"wp-block-column is-vertically-aligned-center is-layout-flow wp-block-column-is-layout-flow\">\n<h2 class=\"wp-block-heading has-text-align-center has-x-large-font-size\">Instalacje centralnego ogrzewania<\/h2>\n\n\n\n<p>Ogrzewanie dostosowane do Twoich potrzeb &#8211; Od ma\u0142ych dom\u00f3w po rozleg\u0142e wsp\u00f3lnoty mieszkaniowe i bran\u017c\u0119 przemys\u0142ow\u0105. Jako eksperci w dziedzinie instalacji centralnego ogrzewania, oferujemy rozwi\u0105zania, kt\u00f3re s\u0105 efektywne, niezawodne i dostosowane do r\u00f3\u017cnych sektor\u00f3w.<\/p>\n\n\n\n<p>Nie wa\u017cne, czy potrzebujesz optymalnej temperatury w swoim domu, czy chcesz zapewni\u0107 komfort mieszka\u0144com wielopi\u0119trowego budynku. Nasza wiedza i do\u015bwiadczenie pozwalaj\u0105 nam tworzy\u0107 systemy grzewcze, kt\u00f3re idealnie odpowiadaj\u0105 Twoim potrzebom.<\/p>\n\n\n\n<p>Zaufaj nam, aby\u015bmy mogli stworzy\u0107 optymalne warunki cieplne w Twoim otoczeniu. Nasze instalacje centralnego ogrzewania s\u0105 zaprojektowane tak, aby osi\u0105gn\u0105\u0107 optymaln\u0105 wydajno\u015b\u0107 energetyczn\u0105, minimalizuj\u0105c jednocze\u015bnie koszty. Dzi\u0119ki naszym rozwi\u0105zaniom, mo\u017cesz cieszy\u0107 si\u0119 komfortem ciep\u0142a w zgodzie z Twoimi warto\u015bciami ekologicznymi.<\/p>\n\n\n\n<p>Przez lata zaufa\u0142y nam liczne domy, wsp\u00f3lnoty mieszkaniowe i przedsi\u0119biorstwa przemys\u0142owe. Nasze rozwi\u0105zania grzewcze przyczyniaj\u0105 si\u0119 do poprawy efektywno\u015bci energetycznej, obni\u017cenia emisji oraz stworzenia przyjemnej atmosfery.<\/p>\n\n\n\n<p>Zaufaj nam jako swojemu partnerowi w dziedzinie instalacji centralnego ogrzewania. Tworzymy nie tylko systemy, ale r\u00f3wnie\u017c d\u0142ugotrwa\u0142e relacje oparte na profesjonalizmie, zaufaniu i zadowoleniu klienta. Skontaktuj si\u0119 z nami ju\u017c teraz i przekonaj si\u0119, dlaczego jeste\u015bmy wyborem numer jeden dla zapewnienia optymalnych warunk\u00f3w cieplnych w Twoim otoczeniu.<\/p>\n<\/div>\n<\/div>\n\n\n\n<div class=\"wp-block-columns is-style-columns-reverse is-layout-flex wp-container-9 wp-block-columns-is-layout-flex\" style=\"margin-bottom:var(--wp--preset--spacing--large)\">\n<div class=\"wp-block-column is-vertically-aligned-center is-layout-flow wp-block-column-is-layout-flow\">\n<h2 class=\"wp-block-heading has-x-large-font-size\">Zewn\u0119trzne sieci kanalizacji sanitarnej i deszczowej<\/h2>\n\n\n\n<p>Niezawodne rozwi\u0105zania dla zewn\u0119trznych sieci kanalizacji sanitarnej i deszczowej &#8211; Zaufaj naszej ekspertyzie, aby utrzyma\u0107 Twoje otoczenie suchym, bezpiecznym i wolnym od problem\u00f3w z odprowadzaniem wody.<\/p>\n\n\n\n<p>Specjalizujemy si\u0119 w profesjonalnej instalacji zewn\u0119trznych sieci kanalizacyjnych, niezale\u017cnie od skali projektu. Bez wzgl\u0119du na to, czy potrzebujesz zapewnienia prawid\u0142owego odprowadzania \u015bciek\u00f3w w domu, kompleksie mieszkalnym czy terenie przemys\u0142owym, mamy odpowiednie rozwi\u0105zania, kt\u00f3re spe\u0142ni\u0105 Twoje oczekiwania.<\/p>\n\n\n\n<p>Nasza do\u015bwiadczona ekipa specjalist\u00f3w posiada wiedz\u0119 i umiej\u0119tno\u015bci niezb\u0119dne do skutecznego projektowania i instalacji zewn\u0119trznych sieci kanalizacyjnych. Dbamy o ka\u017cdy szczeg\u00f3\u0142, aby zapewni\u0107 optymalny przep\u0142yw wody, minimalizuj\u0105c ryzyko wyst\u0105pienia problem\u00f3w sanitarnych i zapewniaj\u0105c bezpiecze\u0144stwo Twojego otoczenia.<\/p>\n\n\n\n<p>Zaufaj nam, a mo\u017cesz by\u0107 pewien, \u017ce nasze fachowe rozwi\u0105zania b\u0119d\u0105 dopasowane do Twoich potrzeb i spe\u0142ni\u0105 najwy\u017csze standardy. Dzia\u0142amy zgodnie z obowi\u0105zuj\u0105cymi przepisami i normami, zapewniaj\u0105c nie tylko skuteczne odprowadzanie wody, ale r\u00f3wnie\u017c higien\u0119 i ochron\u0119 \u015brodowiska.<\/p>\n\n\n\n<p>Nie czekaj d\u0142u\u017cej &#8211; zle\u0107 nam instalacj\u0119 zewn\u0119trznych sieci kanalizacji sanitarnej i deszczowej, a my zadbasz o to, aby Twoje otoczenie by\u0142o suche, bezpieczne i wolne od problem\u00f3w z odprowadzaniem wody. Skontaktuj si\u0119 z nami ju\u017c teraz i zaufaj naszemu do\u015bwiadczeniu w tej dziedzinie<\/p>\n<\/div>\n\n\n\n<div class=\"wp-block-column is-layout-flow wp-block-column-is-layout-flow\">\n<figure class=\"wp-block-image size-full\"><img decoding=\"async\" loading=\"lazy\" width=\"840\" height=\"624\" src=\"https:\/\/elmar-w.pl\/wp-content\/uploads\/2023\/06\/drainage.png\" alt=\"\" class=\"wp-image-100\" srcset=\"https:\/\/elmar-w.pl\/wp-content\/uploads\/2023\/06\/drainage.png 840w, https:\/\/elmar-w.pl\/wp-content\/uploads\/2023\/06\/drainage-300x223.png 300w, https:\/\/elmar-w.pl\/wp-content\/uploads\/2023\/06\/drainage-768x571.png 768w\" sizes=\"(max-width: 840px) 100vw, 840px\" \/><\/figure>\n\n\n\n<figure class=\"wp-block-image aligncenter size-full\"><img decoding=\"async\" loading=\"lazy\" width=\"474\" height=\"355\" src=\"https:\/\/elmar-w.pl\/wp-content\/uploads\/2023\/06\/OIP.gKVcT0CYd1pz_IWk5CnFAgHaFj.jpeg\" alt=\"\" class=\"wp-image-99\" srcset=\"https:\/\/elmar-w.pl\/wp-content\/uploads\/2023\/06\/OIP.gKVcT0CYd1pz_IWk5CnFAgHaFj.jpeg 474w, https:\/\/elmar-w.pl\/wp-content\/uploads\/2023\/06\/OIP.gKVcT0CYd1pz_IWk5CnFAgHaFj-300x225.jpeg 300w\" sizes=\"(max-width: 474px) 100vw, 474px\" \/><\/figure>\n\n\n\n<figure class=\"wp-block-gallery has-nested-images columns-default is-cropped wp-block-gallery-6 is-layout-flex wp-block-gallery-is-layout-flex\">\n<figure class=\"wp-block-image size-large\"><img decoding=\"async\" loading=\"lazy\" width=\"1000\" height=\"668\" src=\"https:\/\/elmar-w.pl\/wp-content\/uploads\/2023\/06\/5f4bd7e47c38a.jpg\" alt=\"\" class=\"wp-image-95\" srcset=\"https:\/\/elmar-w.pl\/wp-content\/uploads\/2023\/06\/5f4bd7e47c38a.jpg 1000w, https:\/\/elmar-w.pl\/wp-content\/uploads\/2023\/06\/5f4bd7e47c38a-300x200.jpg 300w, https:\/\/elmar-w.pl\/wp-content\/uploads\/2023\/06\/5f4bd7e47c38a-768x513.jpg 768w\" sizes=\"(max-width: 1000px) 100vw, 1000px\" \/><\/figure>\n<\/figure>\n<\/div>\n<\/div>\n\n\n\n<div class=\"wp-block-columns is-layout-flex wp-container-14 wp-block-columns-is-layout-flex\" style=\"padding-top:0;padding-right:0;padding-bottom:0;padding-left:0\">\n<div class=\"wp-block-column is-layout-flow wp-block-column-is-layout-flow\">\n<figure class=\"wp-block-image size-large\"><img decoding=\"async\" loading=\"lazy\" width=\"1024\" height=\"683\" src=\"https:\/\/elmar-w.pl\/wp-content\/uploads\/2023\/06\/boilers-1024x683.jpg\" alt=\"\" class=\"wp-image-93\" srcset=\"https:\/\/elmar-w.pl\/wp-content\/uploads\/2023\/06\/boilers-1024x683.jpg 1024w, https:\/\/elmar-w.pl\/wp-content\/uploads\/2023\/06\/boilers-300x200.jpg 300w, https:\/\/elmar-w.pl\/wp-content\/uploads\/2023\/06\/boilers-768x512.jpg 768w, https:\/\/elmar-w.pl\/wp-content\/uploads\/2023\/06\/boilers-1536x1024.jpg 1536w, https:\/\/elmar-w.pl\/wp-content\/uploads\/2023\/06\/boilers.jpg 1800w\" sizes=\"(max-width: 1024px) 100vw, 1024px\" \/><\/figure>\n\n\n\n<figure class=\"wp-block-image aligncenter size-large\"><img decoding=\"async\" loading=\"lazy\" width=\"1024\" height=\"768\" src=\"https:\/\/elmar-w.pl\/wp-content\/uploads\/2023\/06\/TS-ready-for-Installation-1024x768.jpg\" alt=\"\" class=\"wp-image-101\" srcset=\"https:\/\/elmar-w.pl\/wp-content\/uploads\/2023\/06\/TS-ready-for-Installation-1024x768.jpg 1024w, https:\/\/elmar-w.pl\/wp-content\/uploads\/2023\/06\/TS-ready-for-Installation-300x225.jpg 300w, https:\/\/elmar-w.pl\/wp-content\/uploads\/2023\/06\/TS-ready-for-Installation-768x576.jpg 768w, https:\/\/elmar-w.pl\/wp-content\/uploads\/2023\/06\/TS-ready-for-Installation-1536x1152.jpg 1536w, https:\/\/elmar-w.pl\/wp-content\/uploads\/2023\/06\/TS-ready-for-Installation.jpg 1920w\" sizes=\"(max-width: 1024px) 100vw, 1024px\" \/><\/figure>\n\n\n\n<figure class=\"wp-block-gallery has-nested-images columns-default is-cropped wp-block-gallery-10 is-layout-flex wp-block-gallery-is-layout-flex\">\n<figure class=\"wp-block-image size-large\"><img decoding=\"async\" loading=\"lazy\" width=\"768\" height=\"512\" src=\"https:\/\/elmar-w.pl\/wp-content\/uploads\/2023\/06\/boiler-room-2.jpg\" alt=\"\" class=\"wp-image-102\" srcset=\"https:\/\/elmar-w.pl\/wp-content\/uploads\/2023\/06\/boiler-room-2.jpg 768w, https:\/\/elmar-w.pl\/wp-content\/uploads\/2023\/06\/boiler-room-2-300x200.jpg 300w\" sizes=\"(max-width: 768px) 100vw, 768px\" \/><\/figure>\n<\/figure>\n<\/div>\n\n\n\n<div class=\"wp-block-column is-vertically-aligned-center is-layout-flow wp-block-column-is-layout-flow\">\n<h2 class=\"wp-block-heading has-x-large-font-size\">W\u0119z\u0142y cieplne i kot\u0142ownie<\/h2>\n\n\n\n<p>Twoje idealne centrum energii &#8211; Specjalizujemy si\u0119 w profesjonalnej instalacji w\u0119z\u0142\u00f3w cieplnych i kot\u0142owni. Zaufaj nam, aby\u015bmy mogli stworzy\u0107 kompleksowe rozwi\u0105zania, kt\u00f3re nie tylko optymalizuj\u0105 zu\u017cycie energii, ale tak\u017ce zapewniaj\u0105 niezawodne dostawy ciep\u0142a.<\/p>\n\n\n\n<p>Nasza do\u015bwiadczona ekipa specjalist\u00f3w posiada wiedz\u0119 i umiej\u0119tno\u015bci niezb\u0119dne do projektowania i instalacji w\u0119z\u0142\u00f3w cieplnych i kot\u0142owni. Dzia\u0142amy zgodnie z najnowszymi standardami i technologiami, aby dostarczy\u0107 Ci efektywne rozwi\u0105zania, kt\u00f3re spe\u0142ni\u0105 Twoje oczekiwania.<\/p>\n\n\n\n<p>Przywi\u0105zujemy du\u017c\u0105 wag\u0119 do optymalizacji zu\u017cycia energii, dlatego nasze rozwi\u0105zania s\u0105 skonfigurowane tak, aby maksymalnie wykorzystywa\u0107 dost\u0119pne zasoby i minimalizowa\u0107 straty. W rezultacie osi\u0105gamy nie tylko oszcz\u0119dno\u015bci, ale r\u00f3wnie\u017c dbamy o \u015brodowisko naturalne.<\/p>\n\n\n\n<p>Daj nam szans\u0119, aby\u015bmy mogli zbudowa\u0107 Twoje idealne centrum energii. Niezale\u017cnie od rodzaju budynku czy skali projektu, nasze rozwi\u0105zania s\u0105 elastyczne i dostosowane do Twoich indywidualnych potrzeb. Skupiamy si\u0119 na zapewnieniu niezawodno\u015bci, efektywno\u015bci i trwa\u0142o\u015bci naszych instalacji.<\/p>\n\n\n\n<p>Zaufaj nam jako swojemu partnerowi w dziedzinie w\u0119z\u0142\u00f3w cieplnych i kot\u0142owni. Nasza pasja, do\u015bwiadczenie i profesjonalizm zapewni\u0105 Ci pe\u0142ne zadowolenie i komfort cieplny. Skontaktuj si\u0119 z nami ju\u017c teraz i pozw\u00f3l nam zbudowa\u0107 Twoje idealne centrum energii, kt\u00f3re spe\u0142ni wszystkie Twoje oczekiwania.<\/p>\n<\/div>\n<\/div>\n<\/div>\n\n\n\n<h2 class=\"wp-block-heading\">I wiele wi\u0119cej<\/h2>\n\n\n\n<ul>\n<li>Systemy odwodnie\u0144  w technologi Gerberit Pluvia<\/li>\n\n\n\n<li>Instalacje wody lodowej i ciep\u0142a technologicznego<\/li>\n\n\n\n<li>Izolacje pionowe \u015bcian fundamentowych<\/li>\n\n\n\n<li>Drena\u017c paskowy budynk\u00f3w<\/li>\n\n\n\n<li>Pompy ciep\u0142a powietrzne<\/li>\n\n\n\n<li>Systemy rekuperacji<\/li>\n<\/ul>\n","protected":false},"excerpt":{"rendered":"<p>Poznaj dok\u0142adniej nasze us\u0142ugi Instalacje centralnego ogrzewania Ogrzewanie dostosowane do Twoich potrzeb &#8211; Od ma\u0142ych dom\u00f3w po rozleg\u0142e wsp\u00f3lnoty mieszkaniowe i bran\u017c\u0119 przemys\u0142ow\u0105. Jako eksperci w dziedzinie instalacji centralnego ogrzewania, oferujemy rozwi\u0105zania, kt\u00f3re s\u0105 efektywne, niezawodne i dostosowane do r\u00f3\u017cnych sektor\u00f3w. Nie wa\u017cne, czy potrzebujesz optymalnej temperatury w swoim domu, czy chcesz zapewni\u0107 komfort mieszka\u0144com [&hellip;]<\/p>\n","protected":false},"author":1,"featured_media":0,"parent":0,"menu_order":0,"comment_status":"closed","ping_status":"closed","template":"","meta":{"footnotes":""},"_links":{"self":[{"href":"https:\/\/elmar-w.pl\/index.php\/wp-json\/wp\/v2\/pages\/19"}],"collection":[{"href":"https:\/\/elmar-w.pl\/index.php\/wp-json\/wp\/v2\/pages"}],"about":[{"href":"https:\/\/elmar-w.pl\/index.php\/wp-json\/wp\/v2\/types\/page"}],"author":[{"embeddable":true,"href":"https:\/\/elmar-w.pl\/index.php\/wp-json\/wp\/v2\/users\/1"}],"replies":[{"embeddable":true,"href":"https:\/\/elmar-w.pl\/index.php\/wp-json\/wp\/v2\/comments?post=19"}],"version-history":[{"count":12,"href":"https:\/\/elmar-w.pl\/index.php\/wp-json\/wp\/v2\/pages\/19\/revisions"}],"predecessor-version":[{"id":168,"href":"https:\/\/elmar-w.pl\/index.php\/wp-json\/wp\/v2\/pages\/19\/revisions\/168"}],"wp:attachment":[{"href":"https:\/\/elmar-w.pl\/index.php\/wp-json\/wp\/v2\/media?parent=19"}],"curies":[{"name":"wp","href":"https:\/\/api.w.org\/{rel}","templated":true}]}}